{"id":312,"date":"2021-06-02T19:30:57","date_gmt":"2021-06-02T19:30:57","guid":{"rendered":"https:\/\/deepwastecollection.com\/?page_id=312"},"modified":"2021-06-22T08:52:20","modified_gmt":"2021-06-22T08:52:20","slug":"onze-werkwijze","status":"publish","type":"page","link":"https:\/\/deepwastecollection.com\/de\/onze-werkwijze\/","title":{"rendered":"Unsere Methode"},"content":{"rendered":"<div data-elementor-type=\"wp-page\" data-elementor-id=\"312\" class=\"elementor elementor-312\" data-elementor-settings=\"[]\">\n\t\t\t\t\t\t<div class=\"elementor-inner\">\n\t\t\t\t\t\t\t<div class=\"elementor-section-wrap\">\n\t\t\t\t\t\t\t<section class=\"elementor-section elementor-top-section elementor-element elementor-element-464162a4 elementor-section-boxed elementor-section-height-default elementor-section-height-default\" data-id=\"464162a4\" data-element_type=\"section\" data-settings=\"{&quot;background_background&quot;:&quot;classic&quot;}\">\n\t\t\t\t\t\t\t<div class=\"elementor-background-overlay\"><\/div>\n\t\t\t\t\t\t\t<div class=\"elementor-container elementor-column-gap-default\">\n\t\t\t\t\t\t\t<div class=\"elementor-row\">\n\t\t\t\t\t<div class=\"elementor-column elementor-col-100 elementor-top-column elementor-element elementor-element-1b4fb508\" data-id=\"1b4fb508\" data-element_type=\"column\">\n\t\t\t<div class=\"elementor-column-wrap elementor-element-populated\">\n\t\t\t\t\t\t\t<div class=\"elementor-widget-wrap\">\n\t\t\t\t\t\t<div class=\"elementor-element elementor-element-162997a8 elementor-widget elementor-widget-heading\" data-id=\"162997a8\" data-element_type=\"widget\" data-widget_type=\"heading.default\">\n\t\t\t\t<div class=\"elementor-widget-container\">\n\t\t\t<h2 class=\"elementor-heading-title elementor-size-default\">Unsere Methode<\/h2>\t\t<\/div>\n\t\t\t\t<\/div>\n\t\t\t\t\t\t<\/div>\n\t\t\t\t\t<\/div>\n\t\t<\/div>\n\t\t\t\t\t\t\t\t<\/div>\n\t\t\t\t\t<\/div>\n\t\t<\/section>\n\t\t\t\t<section class=\"elementor-section elementor-top-section elementor-element elementor-element-6859bfe4 elementor-section-boxed elementor-section-height-default elementor-section-height-default\" data-id=\"6859bfe4\" data-element_type=\"section\">\n\t\t\t\t\t\t<div class=\"elementor-container elementor-column-gap-default\">\n\t\t\t\t\t\t\t<div class=\"elementor-row\">\n\t\t\t\t\t<div class=\"elementor-column elementor-col-50 elementor-top-column elementor-element elementor-element-32d86622\" data-id=\"32d86622\" data-element_type=\"column\">\n\t\t\t<div class=\"elementor-column-wrap elementor-element-populated\">\n\t\t\t\t\t\t\t<div class=\"elementor-widget-wrap\">\n\t\t\t\t\t\t<div class=\"elementor-element elementor-element-48029b74 elementor-widget elementor-widget-heading\" data-id=\"48029b74\" data-element_type=\"widget\" data-widget_type=\"heading.default\">\n\t\t\t\t<div class=\"elementor-widget-container\">\n\t\t\t<h2 class=\"elementor-heading-title elementor-size-default\">Unsere <span class=\"titelkleur\">Methode<\/span><\/h2>\t\t<\/div>\n\t\t\t\t<\/div>\n\t\t\t\t<div class=\"elementor-element elementor-element-534f10e8 elementor-widget elementor-widget-text-editor\" data-id=\"534f10e8\" data-element_type=\"widget\" data-widget_type=\"text-editor.default\">\n\t\t\t\t<div class=\"elementor-widget-container\">\n\t\t\t\t\t\t\t\t<div class=\"elementor-text-editor elementor-clearfix\">\n\t\t\t\t\t<p>Von unserem Standort in Venlo aus arbeiten wir f\u00fcr viele Abfallsammler, insbesondere in den Niederlanden und Belgien, aber auch Luxemburg, Frankreich und Deutschland z\u00e4hlen zu unserem Arbeitsbereich.<\/p><p>Generell produzieren wir Halbunterflursysteme nach Kundenwunsch. Es gibt jedoch noch viele Situationen zu beachten, wenn wir die richtige Konfiguration an die W\u00fcnsche des Kunden anpassen. Wir tun dies an unserem Standort in Venlo. Dadurch k\u00f6nnen wir schnell und pr\u00e4zise auf die Bed\u00fcrfnisse unserer Kunden eingehen.<\/p>\t\t\t\t\t<\/div>\n\t\t\t\t\t\t<\/div>\n\t\t\t\t<\/div>\n\t\t\t\t<div class=\"elementor-element elementor-element-5decb432 elementor-icon-list--layout-traditional elementor-list-item-link-full_width elementor-widget elementor-widget-icon-list\" data-id=\"5decb432\" data-element_type=\"widget\" data-widget_type=\"icon-list.default\">\n\t\t\t\t<div class=\"elementor-widget-container\">\n\t\t\t\t\t<ul class=\"elementor-icon-list-items\">\n\t\t\t\t\t\t\t<li class=\"elementor-icon-list-item\">\n\t\t\t\t\t<a href=\"https:\/\/deepwastecollection.com\/de\/onze-containers\/\">\t\t\t\t\t\t<span class=\"elementor-icon-list-icon\">\n\t\t\t\t\t\t\t<i aria-hidden=\"true\" class=\"fas fa-chevron-circle-right\"><\/i>\t\t\t\t\t\t<\/span>\n\t\t\t\t\t\t\t\t\t\t<span class=\"elementor-icon-list-text\">Sehen Sie sich unsere Halbunterflursysteme an<\/span>\n\t\t\t\t\t\t\t\t\t\t\t<\/a>\n\t\t\t\t\t\t\t\t\t<\/li>\n\t\t\t\t\t\t<\/ul>\n\t\t\t\t<\/div>\n\t\t\t\t<\/div>\n\t\t\t\t\t\t<\/div>\n\t\t\t\t\t<\/div>\n\t\t<\/div>\n\t\t\t\t<div class=\"elementor-column elementor-col-50 elementor-top-column elementor-element elementor-element-56c25ddd\" data-id=\"56c25ddd\" data-element_type=\"column\">\n\t\t\t<div class=\"elementor-column-wrap elementor-element-populated\">\n\t\t\t\t\t\t\t<div class=\"elementor-widget-wrap\">\n\t\t\t\t\t\t<div class=\"elementor-element elementor-element-6ee1535e elementor-aspect-ratio-169 elementor-widget elementor-widget-video\" data-id=\"6ee1535e\" data-element_type=\"widget\" data-settings=\"{&quot;youtube_url&quot;:&quot;https:\\\/\\\/www.youtube.com\\\/watch?v=TOwjHpbJpsw&quot;,&quot;start&quot;:0,&quot;autoplay&quot;:&quot;yes&quot;,&quot;mute&quot;:&quot;yes&quot;,&quot;loop&quot;:&quot;yes&quot;,&quot;yt_privacy&quot;:&quot;yes&quot;,&quot;video_type&quot;:&quot;youtube&quot;,&quot;aspect_ratio&quot;:&quot;169&quot;}\" data-widget_type=\"video.default\">\n\t\t\t\t<div class=\"elementor-widget-container\">\n\t\t\t\t\t<div class=\"elementor-wrapper elementor-fit-aspect-ratio elementor-open-inline\">\n\t\t\t<div class=\"elementor-video\"><\/div>\t\t<\/div>\n\t\t\t\t<\/div>\n\t\t\t\t<\/div>\n\t\t\t\t\t\t<\/div>\n\t\t\t\t\t<\/div>\n\t\t<\/div>\n\t\t\t\t\t\t\t\t<\/div>\n\t\t\t\t\t<\/div>\n\t\t<\/section>\n\t\t\t\t<section class=\"elementor-section elementor-top-section elementor-element elementor-element-fe00562 elementor-reverse-mobile elementor-section-boxed elementor-section-height-default elementor-section-height-default\" data-id=\"fe00562\" data-element_type=\"section\" id=\"advies\">\n\t\t\t\t\t\t<div class=\"elementor-container elementor-column-gap-default\">\n\t\t\t\t\t\t\t<div class=\"elementor-row\">\n\t\t\t\t\t<div class=\"elementor-column elementor-col-50 elementor-top-column elementor-element elementor-element-d9543d8\" data-id=\"d9543d8\" data-element_type=\"column\">\n\t\t\t<div class=\"elementor-column-wrap elementor-element-populated\">\n\t\t\t\t\t\t\t<div class=\"elementor-widget-wrap\">\n\t\t\t\t\t\t<div class=\"elementor-element elementor-element-fa5ca3c elementor-widget elementor-widget-image\" data-id=\"fa5ca3c\" data-element_type=\"widget\" data-widget_type=\"image.default\">\n\t\t\t\t<div class=\"elementor-widget-container\">\n\t\t\t\t\t\t\t\t<div class=\"elementor-image\">\n\t\t\t\t\t\t\t\t\t\t\t\t<img loading=\"lazy\" decoding=\"async\" width=\"800\" height=\"600\" src=\"https:\/\/deepwastecollection.com\/wp-content\/uploads\/2021\/04\/9-september-1024x768.jpg\" class=\"attachment-large size-large\" alt=\"\" srcset=\"https:\/\/deepwastecollection.com\/wp-content\/uploads\/2021\/04\/9-september-1024x768.jpg 1024w, https:\/\/deepwastecollection.com\/wp-content\/uploads\/2021\/04\/9-september-300x225.jpg 300w, https:\/\/deepwastecollection.com\/wp-content\/uploads\/2021\/04\/9-september-768x576.jpg 768w, https:\/\/deepwastecollection.com\/wp-content\/uploads\/2021\/04\/9-september-1536x1152.jpg 1536w, https:\/\/deepwastecollection.com\/wp-content\/uploads\/2021\/04\/9-september-2048x1536.jpg 2048w\" sizes=\"auto, (max-width: 800px) 100vw, 800px\" \/>\t\t\t\t\t\t\t\t\t\t\t\t\t\t<\/div>\n\t\t\t\t\t\t<\/div>\n\t\t\t\t<\/div>\n\t\t\t\t\t\t<\/div>\n\t\t\t\t\t<\/div>\n\t\t<\/div>\n\t\t\t\t<div class=\"elementor-column elementor-col-50 elementor-top-column elementor-element elementor-element-046bc52\" data-id=\"046bc52\" data-element_type=\"column\">\n\t\t\t<div class=\"elementor-column-wrap elementor-element-populated\">\n\t\t\t\t\t\t\t<div class=\"elementor-widget-wrap\">\n\t\t\t\t\t\t<div class=\"elementor-element elementor-element-c4082a7 elementor-widget elementor-widget-heading\" data-id=\"c4082a7\" data-element_type=\"widget\" data-widget_type=\"heading.default\">\n\t\t\t\t<div class=\"elementor-widget-container\">\n\t\t\t<h2 class=\"elementor-heading-title elementor-size-default\">Rat<\/h2>\t\t<\/div>\n\t\t\t\t<\/div>\n\t\t\t\t<div class=\"elementor-element elementor-element-9b3cacb elementor-widget elementor-widget-text-editor\" data-id=\"9b3cacb\" data-element_type=\"widget\" data-widget_type=\"text-editor.default\">\n\t\t\t\t<div class=\"elementor-widget-container\">\n\t\t\t\t\t\t\t\t<div class=\"elementor-text-editor elementor-clearfix\">\n\t\t\t\t\t<p>Als Anbieter von Halbunterflursysteme sind wir in den gesamten Prozess von der Beratung bis zur Installation der Container eingebunden. Ein guter Start ist die halbe Arbeit, deshalb starten wir gerne mit einer guten und fundierten Beratung. Welche Beh\u00e4ltergr\u00f6\u00dfe ist die beste L\u00f6sung f\u00fcr Ihren Abfallstrom? Ist das ein 5000 Liter, ein 3000 Liter oder ein 1300 Liter? Welches Erscheinungsweise passt am besten zu Ihrem Unternehmen und Ihrem Bild? Dies kann Holz, Komposite oder Aluminium sein. Auch die Gr\u00f6\u00dfe des Einwurfdeckels und die Art des Schlosses sind Themen, die wir diskutieren. Aber auch was ist der beste Stelle f\u00fcr den Container auf Ihrer Site. Dies sind einige Punkte, in denen wir Sie gut beraten m\u00f6chten. All dies ausschlie\u00dflich \u00fcber Ihren Abfallsammler.<\/p>\t\t\t\t\t<\/div>\n\t\t\t\t\t\t<\/div>\n\t\t\t\t<\/div>\n\t\t\t\t\t\t<\/div>\n\t\t\t\t\t<\/div>\n\t\t<\/div>\n\t\t\t\t\t\t\t\t<\/div>\n\t\t\t\t\t<\/div>\n\t\t<\/section>\n\t\t\t\t<section class=\"elementor-section elementor-top-section elementor-element elementor-element-f6424a9 elementor-section-boxed elementor-section-height-default elementor-section-height-default\" data-id=\"f6424a9\" data-element_type=\"section\" id=\"verkoop\">\n\t\t\t\t\t\t<div class=\"elementor-container elementor-column-gap-default\">\n\t\t\t\t\t\t\t<div class=\"elementor-row\">\n\t\t\t\t\t<div class=\"elementor-column elementor-col-50 elementor-top-column elementor-element elementor-element-fe4481d\" data-id=\"fe4481d\" data-element_type=\"column\">\n\t\t\t<div class=\"elementor-column-wrap elementor-element-populated\">\n\t\t\t\t\t\t\t<div class=\"elementor-widget-wrap\">\n\t\t\t\t\t\t<div class=\"elementor-element elementor-element-5506683 elementor-widget elementor-widget-heading\" data-id=\"5506683\" data-element_type=\"widget\" data-widget_type=\"heading.default\">\n\t\t\t\t<div class=\"elementor-widget-container\">\n\t\t\t<h2 class=\"elementor-heading-title elementor-size-default\">Verkauf<\/h2>\t\t<\/div>\n\t\t\t\t<\/div>\n\t\t\t\t<div class=\"elementor-element elementor-element-f7db46b elementor-widget elementor-widget-text-editor\" data-id=\"f7db46b\" data-element_type=\"widget\" data-widget_type=\"text-editor.default\">\n\t\t\t\t<div class=\"elementor-widget-container\">\n\t\t\t\t\t\t\t\t<div class=\"elementor-text-editor elementor-clearfix\">\n\t\t\t\t\t<p>Darauf folgt ein ma\u00dfgeschneidertes Zitat, da wir verschiedene Ausf\u00fchrungen mit vielen Erscheinungsweisen haben, erarbeiten wir gerne einen Angerbieten f\u00fcr Sie (nat\u00fcrlich \u00fcber Ihren Abfallsammler).<\/p><p>Wir haben auch einen Online-Konfigurator, mit dem Ihr Kundenbetreuer Ihren Halbunterflursysteme nach Ihren Anforderungen und W\u00fcnschen zusammenstellen kann.<\/p><p>Neugierig auf all unsere M\u00f6glichkeiten? Z\u00f6gern Sie nicht, uns per E-Mail zu kontaktieren <a href=\"mailto:info@deepwastecollection.com\">info@deepwastecollection.com<\/a> oder telefonisch +31(<a title=\"Call 0031624853309 via 3CX\" href=\"\/de\/0031624853309\/\" target=\"_blank\" rel=\"noopener\">0)6-24853309<\/a>.<\/p><p>Wir m\u00f6chten Sie gerne von den Vorteilen unserer Halbunterflursysteme \u00fcberzeugen!<\/p>\t\t\t\t\t<\/div>\n\t\t\t\t\t\t<\/div>\n\t\t\t\t<\/div>\n\t\t\t\t\t\t<\/div>\n\t\t\t\t\t<\/div>\n\t\t<\/div>\n\t\t\t\t<div class=\"elementor-column elementor-col-50 elementor-top-column elementor-element elementor-element-a017a76\" data-id=\"a017a76\" data-element_type=\"column\">\n\t\t\t<div class=\"elementor-column-wrap elementor-element-populated\">\n\t\t\t\t\t\t\t<div class=\"elementor-widget-wrap\">\n\t\t\t\t\t\t<div class=\"elementor-element elementor-element-d36d242 elementor-widget elementor-widget-image\" data-id=\"d36d242\" data-element_type=\"widget\" data-widget_type=\"image.default\">\n\t\t\t\t<div class=\"elementor-widget-container\">\n\t\t\t\t\t\t\t\t<div class=\"elementor-image\">\n\t\t\t\t\t\t\t\t\t\t\t\t<img loading=\"lazy\" decoding=\"async\" width=\"800\" height=\"600\" src=\"https:\/\/deepwastecollection.com\/wp-content\/uploads\/2021\/04\/2-februari-1024x768.jpg\" class=\"attachment-large size-large\" alt=\"\" srcset=\"https:\/\/deepwastecollection.com\/wp-content\/uploads\/2021\/04\/2-februari-1024x768.jpg 1024w, https:\/\/deepwastecollection.com\/wp-content\/uploads\/2021\/04\/2-februari-300x225.jpg 300w, https:\/\/deepwastecollection.com\/wp-content\/uploads\/2021\/04\/2-februari-768x576.jpg 768w, https:\/\/deepwastecollection.com\/wp-content\/uploads\/2021\/04\/2-februari-1536x1153.jpg 1536w, https:\/\/deepwastecollection.com\/wp-content\/uploads\/2021\/04\/2-februari.jpg 1599w\" sizes=\"auto, (max-width: 800px) 100vw, 800px\" \/>\t\t\t\t\t\t\t\t\t\t\t\t\t\t<\/div>\n\t\t\t\t\t\t<\/div>\n\t\t\t\t<\/div>\n\t\t\t\t\t\t<\/div>\n\t\t\t\t\t<\/div>\n\t\t<\/div>\n\t\t\t\t\t\t\t\t<\/div>\n\t\t\t\t\t<\/div>\n\t\t<\/section>\n\t\t\t\t<section class=\"elementor-section elementor-top-section elementor-element elementor-element-116e14d elementor-reverse-mobile elementor-section-boxed elementor-section-height-default elementor-section-height-default\" data-id=\"116e14d\" data-element_type=\"section\" id=\"plaatsing\">\n\t\t\t\t\t\t<div class=\"elementor-container elementor-column-gap-default\">\n\t\t\t\t\t\t\t<div class=\"elementor-row\">\n\t\t\t\t\t<div class=\"elementor-column elementor-col-50 elementor-top-column elementor-element elementor-element-f762671\" data-id=\"f762671\" data-element_type=\"column\">\n\t\t\t<div class=\"elementor-column-wrap elementor-element-populated\">\n\t\t\t\t\t\t\t<div class=\"elementor-widget-wrap\">\n\t\t\t\t\t\t<div class=\"elementor-element elementor-element-e71c6a7 elementor-widget elementor-widget-image\" data-id=\"e71c6a7\" data-element_type=\"widget\" data-widget_type=\"image.default\">\n\t\t\t\t<div class=\"elementor-widget-container\">\n\t\t\t\t\t\t\t\t<div class=\"elementor-image\">\n\t\t\t\t\t\t\t\t\t\t\t\t<img loading=\"lazy\" decoding=\"async\" width=\"800\" height=\"600\" src=\"https:\/\/deepwastecollection.com\/wp-content\/uploads\/2021\/06\/IMG_1356-1024x768.jpg\" class=\"attachment-large size-large\" alt=\"\" srcset=\"https:\/\/deepwastecollection.com\/wp-content\/uploads\/2021\/06\/IMG_1356-1024x768.jpg 1024w, https:\/\/deepwastecollection.com\/wp-content\/uploads\/2021\/06\/IMG_1356-300x225.jpg 300w, https:\/\/deepwastecollection.com\/wp-content\/uploads\/2021\/06\/IMG_1356-768x576.jpg 768w, https:\/\/deepwastecollection.com\/wp-content\/uploads\/2021\/06\/IMG_1356-1536x1152.jpg 1536w, https:\/\/deepwastecollection.com\/wp-content\/uploads\/2021\/06\/IMG_1356-2048x1536.jpg 2048w, https:\/\/deepwastecollection.com\/wp-content\/uploads\/2021\/06\/IMG_1356-16x12.jpg 16w\" sizes=\"auto, (max-width: 800px) 100vw, 800px\" \/>\t\t\t\t\t\t\t\t\t\t\t\t\t\t<\/div>\n\t\t\t\t\t\t<\/div>\n\t\t\t\t<\/div>\n\t\t\t\t\t\t<\/div>\n\t\t\t\t\t<\/div>\n\t\t<\/div>\n\t\t\t\t<div class=\"elementor-column elementor-col-50 elementor-top-column elementor-element elementor-element-cdd14a6\" data-id=\"cdd14a6\" data-element_type=\"column\">\n\t\t\t<div class=\"elementor-column-wrap elementor-element-populated\">\n\t\t\t\t\t\t\t<div class=\"elementor-widget-wrap\">\n\t\t\t\t\t\t<div class=\"elementor-element elementor-element-d4fb002 elementor-widget elementor-widget-heading\" data-id=\"d4fb002\" data-element_type=\"widget\" data-widget_type=\"heading.default\">\n\t\t\t\t<div class=\"elementor-widget-container\">\n\t\t\t<h2 class=\"elementor-heading-title elementor-size-default\">Platzierung<\/h2>\t\t<\/div>\n\t\t\t\t<\/div>\n\t\t\t\t<div class=\"elementor-element elementor-element-a3cd657 elementor-widget elementor-widget-text-editor\" data-id=\"a3cd657\" data-element_type=\"widget\" data-widget_type=\"text-editor.default\">\n\t\t\t\t<div class=\"elementor-widget-container\">\n\t\t\t\t\t\t\t\t<div class=\"elementor-text-editor elementor-clearfix\">\n\t\t\t\t\t<p>Wir beschr\u00e4nken uns auf die Niederlande, um unsere Halbunterflursysteme zu platzieren.<\/p><p class=\"MsoNormal\">Wir k\u00f6nnen Ihnen gerne die richtige Installationsanleitung zur Verf\u00fcgung stellen.<\/p>\t\t\t\t\t<\/div>\n\t\t\t\t\t\t<\/div>\n\t\t\t\t<\/div>\n\t\t\t\t\t\t<\/div>\n\t\t\t\t\t<\/div>\n\t\t<\/div>\n\t\t\t\t\t\t\t\t<\/div>\n\t\t\t\t\t<\/div>\n\t\t<\/section>\n\t\t\t\t<section class=\"elementor-section elementor-top-section elementor-element elementor-element-dccf851 elementor-section-boxed elementor-section-height-default elementor-section-height-default\" data-id=\"dccf851\" data-element_type=\"section\" id=\"service\">\n\t\t\t\t\t\t<div class=\"elementor-container elementor-column-gap-default\">\n\t\t\t\t\t\t\t<div class=\"elementor-row\">\n\t\t\t\t\t<div class=\"elementor-column elementor-col-50 elementor-top-column elementor-element elementor-element-f967a64\" data-id=\"f967a64\" data-element_type=\"column\">\n\t\t\t<div class=\"elementor-column-wrap elementor-element-populated\">\n\t\t\t\t\t\t\t<div class=\"elementor-widget-wrap\">\n\t\t\t\t\t\t<div class=\"elementor-element elementor-element-3d88ea3 elementor-widget elementor-widget-heading\" data-id=\"3d88ea3\" data-element_type=\"widget\" data-widget_type=\"heading.default\">\n\t\t\t\t<div class=\"elementor-widget-container\">\n\t\t\t<h2 class=\"elementor-heading-title elementor-size-default\">Service und Wartung<\/h2>\t\t<\/div>\n\t\t\t\t<\/div>\n\t\t\t\t<div class=\"elementor-element elementor-element-6358374 elementor-widget elementor-widget-text-editor\" data-id=\"6358374\" data-element_type=\"widget\" data-widget_type=\"text-editor.default\">\n\t\t\t\t<div class=\"elementor-widget-container\">\n\t\t\t\t\t\t\t\t<div class=\"elementor-text-editor elementor-clearfix\">\n\t\t\t\t\t<p>Unsere Container sind praktisch wartungsfrei. Wir haben alle Teile auf Lager und geben Ihnen Reparaturtipps.<\/p>\t\t\t\t\t<\/div>\n\t\t\t\t\t\t<\/div>\n\t\t\t\t<\/div>\n\t\t\t\t\t\t<\/div>\n\t\t\t\t\t<\/div>\n\t\t<\/div>\n\t\t\t\t<div class=\"elementor-column elementor-col-50 elementor-top-column elementor-element elementor-element-02d299a\" data-id=\"02d299a\" data-element_type=\"column\">\n\t\t\t<div class=\"elementor-column-wrap elementor-element-populated\">\n\t\t\t\t\t\t\t<div class=\"elementor-widget-wrap\">\n\t\t\t\t\t\t<div class=\"elementor-element elementor-element-23c123a elementor-widget elementor-widget-image\" data-id=\"23c123a\" data-element_type=\"widget\" data-widget_type=\"image.default\">\n\t\t\t\t<div class=\"elementor-widget-container\">\n\t\t\t\t\t\t\t\t<div class=\"elementor-image\">\n\t\t\t\t\t\t\t\t\t\t\t\t<img loading=\"lazy\" decoding=\"async\" width=\"800\" height=\"600\" src=\"https:\/\/deepwastecollection.com\/wp-content\/uploads\/2021\/04\/7-juli-1024x768.jpg\" class=\"attachment-large size-large\" alt=\"\" srcset=\"https:\/\/deepwastecollection.com\/wp-content\/uploads\/2021\/04\/7-juli-1024x768.jpg 1024w, https:\/\/deepwastecollection.com\/wp-content\/uploads\/2021\/04\/7-juli-300x225.jpg 300w, https:\/\/deepwastecollection.com\/wp-content\/uploads\/2021\/04\/7-juli-768x576.jpg 768w, https:\/\/deepwastecollection.com\/wp-content\/uploads\/2021\/04\/7-juli-1536x1153.jpg 1536w, https:\/\/deepwastecollection.com\/wp-content\/uploads\/2021\/04\/7-juli.jpg 1599w\" sizes=\"auto, (max-width: 800px) 100vw, 800px\" \/>\t\t\t\t\t\t\t\t\t\t\t\t\t\t<\/div>\n\t\t\t\t\t\t<\/div>\n\t\t\t\t<\/div>\n\t\t\t\t\t\t<\/div>\n\t\t\t\t\t<\/div>\n\t\t<\/div>\n\t\t\t\t\t\t\t\t<\/div>\n\t\t\t\t\t<\/div>\n\t\t<\/section>\n\t\t\t\t<section class=\"elementor-section elementor-top-section elementor-element elementor-element-372f59e elementor-section-boxed elementor-section-height-default elementor-section-height-default\" data-id=\"372f59e\" data-element_type=\"section\">\n\t\t\t\t\t\t<div class=\"elementor-container elementor-column-gap-default\">\n\t\t\t\t\t\t\t<div class=\"elementor-row\">\n\t\t\t\t\t<div class=\"elementor-column elementor-col-100 elementor-top-column elementor-element elementor-element-538ae30\" data-id=\"538ae30\" data-element_type=\"column\">\n\t\t\t<div class=\"elementor-column-wrap elementor-element-populated\">\n\t\t\t\t\t\t\t<div class=\"elementor-widget-wrap\">\n\t\t\t\t\t\t<div class=\"elementor-element elementor-element-d55b190 elementor-widget elementor-widget-text-editor\" data-id=\"d55b190\" data-element_type=\"widget\" data-widget_type=\"text-editor.default\">\n\t\t\t\t<div class=\"elementor-widget-container\">\n\t\t\t\t\t\t\t\t<div class=\"elementor-text-editor elementor-clearfix\">\n\t\t\t\t\t<p>Neugierig auf all unsere M\u00f6glichkeiten? Z\u00f6gern Sie nicht, uns per E-Mail zu kontaktieren <a href=\"mailto:info@deepwastecollection.com\">info@deepwastecollection.com<\/a> oder telefonisch <a href=\"\/de\/0031624853309\/\" title=\"Call 0031624853309 via 3CX\" tcxhref=\"0031624853309\" target=\"_blank\">06-24853309<\/a>.<br><span style=\"font-family: var( --e-global-typography-text-font-family ), Sans-serif; font-weight: var( --e-global-typography-text-font-weight ); font-size: 1rem;\">Wir m\u00f6chten Sie gerne von den Vorteilen unserer Halbunterflursysteme \u00fcberzeugen!<\/span><\/p>\t\t\t\t\t<\/div>\n\t\t\t\t\t\t<\/div>\n\t\t\t\t<\/div>\n\t\t\t\t\t\t<\/div>\n\t\t\t\t\t<\/div>\n\t\t<\/div>\n\t\t\t\t\t\t\t\t<\/div>\n\t\t\t\t\t<\/div>\n\t\t<\/section>\n\t\t\t\t\t\t<\/div>\n\t\t\t\t\t\t<\/div>\n\t\t\t\t\t<\/div>","protected":false},"excerpt":{"rendered":"<p>Onze werkwijze Vanuit onze locatie in Venlo werken wij voor vele afvalinzamelaars in met name Nederland en Belgie, maar ook Luxemburg, Frankrijk en Duitsland mogen wij tot ons werkgebied rekenen. Over het algemeen produceren wij containers in de uitvoering zoals ze besteld worden door onze klanten. Toch zijn er nog genoeg situaties te bedenken wanneer [&hellip;]<\/p>","protected":false},"author":1,"featured_media":0,"parent":0,"menu_order":0,"comment_status":"closed","ping_status":"closed","template":"","meta":{"footnotes":""},"class_list":["post-312","page","type-page","status-publish","hentry"],"_links":{"self":[{"href":"https:\/\/deepwastecollection.com\/de\/wp-json\/wp\/v2\/pages\/312","targetHints":{"allow":["GET"]}}],"collection":[{"href":"https:\/\/deepwastecollection.com\/de\/wp-json\/wp\/v2\/pages"}],"about":[{"href":"https:\/\/deepwastecollection.com\/de\/wp-json\/wp\/v2\/types\/page"}],"author":[{"embeddable":true,"href":"https:\/\/deepwastecollection.com\/de\/wp-json\/wp\/v2\/users\/1"}],"replies":[{"embeddable":true,"href":"https:\/\/deepwastecollection.com\/de\/wp-json\/wp\/v2\/comments?post=312"}],"version-history":[{"count":55,"href":"https:\/\/deepwastecollection.com\/de\/wp-json\/wp\/v2\/pages\/312\/revisions"}],"predecessor-version":[{"id":664,"href":"https:\/\/deepwastecollection.com\/de\/wp-json\/wp\/v2\/pages\/312\/revisions\/664"}],"wp:attachment":[{"href":"https:\/\/deepwastecollection.com\/de\/wp-json\/wp\/v2\/media?parent=312"}],"curies":[{"name":"wp","href":"https:\/\/api.w.org\/{rel}","templated":true}]}}