{"id":312,"date":"2021-06-02T19:30:57","date_gmt":"2021-06-02T19:30:57","guid":{"rendered":"https:\/\/deepwastecollection.com\/?page_id=312"},"modified":"2021-06-22T08:52:20","modified_gmt":"2021-06-22T08:52:20","slug":"onze-werkwijze","status":"publish","type":"page","link":"https:\/\/deepwastecollection.com\/fr\/onze-werkwijze\/","title":{"rendered":"Notre m\u00e9thode"},"content":{"rendered":"<div data-elementor-type=\"wp-page\" data-elementor-id=\"312\" class=\"elementor elementor-312\" data-elementor-settings=\"[]\">\n\t\t\t\t\t\t<div class=\"elementor-inner\">\n\t\t\t\t\t\t\t<div class=\"elementor-section-wrap\">\n\t\t\t\t\t\t\t<section class=\"elementor-section elementor-top-section elementor-element elementor-element-464162a4 elementor-section-boxed elementor-section-height-default elementor-section-height-default\" data-id=\"464162a4\" data-element_type=\"section\" data-settings=\"{&quot;background_background&quot;:&quot;classic&quot;}\">\n\t\t\t\t\t\t\t<div class=\"elementor-background-overlay\"><\/div>\n\t\t\t\t\t\t\t<div class=\"elementor-container elementor-column-gap-default\">\n\t\t\t\t\t\t\t<div class=\"elementor-row\">\n\t\t\t\t\t<div class=\"elementor-column elementor-col-100 elementor-top-column elementor-element elementor-element-1b4fb508\" data-id=\"1b4fb508\" data-element_type=\"column\">\n\t\t\t<div class=\"elementor-column-wrap elementor-element-populated\">\n\t\t\t\t\t\t\t<div class=\"elementor-widget-wrap\">\n\t\t\t\t\t\t<div class=\"elementor-element elementor-element-162997a8 elementor-widget elementor-widget-heading\" data-id=\"162997a8\" data-element_type=\"widget\" data-widget_type=\"heading.default\">\n\t\t\t\t<div class=\"elementor-widget-container\">\n\t\t\t<h2 class=\"elementor-heading-title elementor-size-default\">Notre m\u00e9thode<\/h2>\t\t<\/div>\n\t\t\t\t<\/div>\n\t\t\t\t\t\t<\/div>\n\t\t\t\t\t<\/div>\n\t\t<\/div>\n\t\t\t\t\t\t\t\t<\/div>\n\t\t\t\t\t<\/div>\n\t\t<\/section>\n\t\t\t\t<section class=\"elementor-section elementor-top-section elementor-element elementor-element-6859bfe4 elementor-section-boxed elementor-section-height-default elementor-section-height-default\" data-id=\"6859bfe4\" data-element_type=\"section\">\n\t\t\t\t\t\t<div class=\"elementor-container elementor-column-gap-default\">\n\t\t\t\t\t\t\t<div class=\"elementor-row\">\n\t\t\t\t\t<div class=\"elementor-column elementor-col-50 elementor-top-column elementor-element elementor-element-32d86622\" data-id=\"32d86622\" data-element_type=\"column\">\n\t\t\t<div class=\"elementor-column-wrap elementor-element-populated\">\n\t\t\t\t\t\t\t<div class=\"elementor-widget-wrap\">\n\t\t\t\t\t\t<div class=\"elementor-element elementor-element-48029b74 elementor-widget elementor-widget-heading\" data-id=\"48029b74\" data-element_type=\"widget\" data-widget_type=\"heading.default\">\n\t\t\t\t<div class=\"elementor-widget-container\">\n\t\t\t<h2 class=\"elementor-heading-title elementor-size-default\">Notre <span class=\"titelkleur\">m\u00e9thode<\/span><\/h2>\t\t<\/div>\n\t\t\t\t<\/div>\n\t\t\t\t<div class=\"elementor-element elementor-element-534f10e8 elementor-widget elementor-widget-text-editor\" data-id=\"534f10e8\" data-element_type=\"widget\" data-widget_type=\"text-editor.default\">\n\t\t\t\t<div class=\"elementor-widget-container\">\n\t\t\t\t\t\t\t\t<div class=\"elementor-text-editor elementor-clearfix\">\n\t\t\t\t\t<p>Depuis notre site de Venlo, nous travaillons pour de nombreux ramasseurs de d\u00e9chets, notamment aux Pays-Bas et en Belgique, mais nous pouvons \u00e9galement compter le Luxembourg, la France et l'Allemagne dans notre zone de travail.<\/p><p>En g\u00e9n\u00e9ral, nous produisons des conteneurs sur commande de nos clients. Cependant, il y a encore beaucoup de situations \u00e0 consid\u00e9rer lorsque nous adaptons la bonne configuration aux souhaits du client. Nous le faisons sur notre site de Venlo. Cela nous permet de r\u00e9pondre rapidement et pr\u00e9cis\u00e9ment aux besoins de nos clients.<\/p>\t\t\t\t\t<\/div>\n\t\t\t\t\t\t<\/div>\n\t\t\t\t<\/div>\n\t\t\t\t<div class=\"elementor-element elementor-element-5decb432 elementor-icon-list--layout-traditional elementor-list-item-link-full_width elementor-widget elementor-widget-icon-list\" data-id=\"5decb432\" data-element_type=\"widget\" data-widget_type=\"icon-list.default\">\n\t\t\t\t<div class=\"elementor-widget-container\">\n\t\t\t\t\t<ul class=\"elementor-icon-list-items\">\n\t\t\t\t\t\t\t<li class=\"elementor-icon-list-item\">\n\t\t\t\t\t<a href=\"https:\/\/deepwastecollection.com\/fr\/onze-containers\/\">\t\t\t\t\t\t<span class=\"elementor-icon-list-icon\">\n\t\t\t\t\t\t\t<i aria-hidden=\"true\" class=\"fas fa-chevron-circle-right\"><\/i>\t\t\t\t\t\t<\/span>\n\t\t\t\t\t\t\t\t\t\t<span class=\"elementor-icon-list-text\">Voir nos conteneurs<\/span>\n\t\t\t\t\t\t\t\t\t\t\t<\/a>\n\t\t\t\t\t\t\t\t\t<\/li>\n\t\t\t\t\t\t<\/ul>\n\t\t\t\t<\/div>\n\t\t\t\t<\/div>\n\t\t\t\t\t\t<\/div>\n\t\t\t\t\t<\/div>\n\t\t<\/div>\n\t\t\t\t<div class=\"elementor-column elementor-col-50 elementor-top-column elementor-element elementor-element-56c25ddd\" data-id=\"56c25ddd\" data-element_type=\"column\">\n\t\t\t<div class=\"elementor-column-wrap elementor-element-populated\">\n\t\t\t\t\t\t\t<div class=\"elementor-widget-wrap\">\n\t\t\t\t\t\t<div class=\"elementor-element elementor-element-6ee1535e elementor-aspect-ratio-169 elementor-widget elementor-widget-video\" data-id=\"6ee1535e\" data-element_type=\"widget\" data-settings=\"{&quot;youtube_url&quot;:&quot;https:\\\/\\\/www.youtube.com\\\/watch?v=TOwjHpbJpsw&quot;,&quot;start&quot;:0,&quot;autoplay&quot;:&quot;yes&quot;,&quot;mute&quot;:&quot;yes&quot;,&quot;loop&quot;:&quot;yes&quot;,&quot;yt_privacy&quot;:&quot;yes&quot;,&quot;video_type&quot;:&quot;youtube&quot;,&quot;aspect_ratio&quot;:&quot;169&quot;}\" data-widget_type=\"video.default\">\n\t\t\t\t<div class=\"elementor-widget-container\">\n\t\t\t\t\t<div class=\"elementor-wrapper elementor-fit-aspect-ratio elementor-open-inline\">\n\t\t\t<div class=\"elementor-video\"><\/div>\t\t<\/div>\n\t\t\t\t<\/div>\n\t\t\t\t<\/div>\n\t\t\t\t\t\t<\/div>\n\t\t\t\t\t<\/div>\n\t\t<\/div>\n\t\t\t\t\t\t\t\t<\/div>\n\t\t\t\t\t<\/div>\n\t\t<\/section>\n\t\t\t\t<section class=\"elementor-section elementor-top-section elementor-element elementor-element-fe00562 elementor-reverse-mobile elementor-section-boxed elementor-section-height-default elementor-section-height-default\" data-id=\"fe00562\" data-element_type=\"section\" id=\"advies\">\n\t\t\t\t\t\t<div class=\"elementor-container elementor-column-gap-default\">\n\t\t\t\t\t\t\t<div class=\"elementor-row\">\n\t\t\t\t\t<div class=\"elementor-column elementor-col-50 elementor-top-column elementor-element elementor-element-d9543d8\" data-id=\"d9543d8\" data-element_type=\"column\">\n\t\t\t<div class=\"elementor-column-wrap elementor-element-populated\">\n\t\t\t\t\t\t\t<div class=\"elementor-widget-wrap\">\n\t\t\t\t\t\t<div class=\"elementor-element elementor-element-fa5ca3c elementor-widget elementor-widget-image\" data-id=\"fa5ca3c\" data-element_type=\"widget\" data-widget_type=\"image.default\">\n\t\t\t\t<div class=\"elementor-widget-container\">\n\t\t\t\t\t\t\t\t<div class=\"elementor-image\">\n\t\t\t\t\t\t\t\t\t\t\t\t<img loading=\"lazy\" decoding=\"async\" width=\"800\" height=\"600\" src=\"https:\/\/deepwastecollection.com\/wp-content\/uploads\/2021\/04\/9-september-1024x768.jpg\" class=\"attachment-large size-large\" alt=\"\" srcset=\"https:\/\/deepwastecollection.com\/wp-content\/uploads\/2021\/04\/9-september-1024x768.jpg 1024w, https:\/\/deepwastecollection.com\/wp-content\/uploads\/2021\/04\/9-september-300x225.jpg 300w, https:\/\/deepwastecollection.com\/wp-content\/uploads\/2021\/04\/9-september-768x576.jpg 768w, https:\/\/deepwastecollection.com\/wp-content\/uploads\/2021\/04\/9-september-1536x1152.jpg 1536w, https:\/\/deepwastecollection.com\/wp-content\/uploads\/2021\/04\/9-september-2048x1536.jpg 2048w\" sizes=\"auto, (max-width: 800px) 100vw, 800px\" \/>\t\t\t\t\t\t\t\t\t\t\t\t\t\t<\/div>\n\t\t\t\t\t\t<\/div>\n\t\t\t\t<\/div>\n\t\t\t\t\t\t<\/div>\n\t\t\t\t\t<\/div>\n\t\t<\/div>\n\t\t\t\t<div class=\"elementor-column elementor-col-50 elementor-top-column elementor-element elementor-element-046bc52\" data-id=\"046bc52\" data-element_type=\"column\">\n\t\t\t<div class=\"elementor-column-wrap elementor-element-populated\">\n\t\t\t\t\t\t\t<div class=\"elementor-widget-wrap\">\n\t\t\t\t\t\t<div class=\"elementor-element elementor-element-c4082a7 elementor-widget elementor-widget-heading\" data-id=\"c4082a7\" data-element_type=\"widget\" data-widget_type=\"heading.default\">\n\t\t\t\t<div class=\"elementor-widget-container\">\n\t\t\t<h2 class=\"elementor-heading-title elementor-size-default\">Conseils<\/h2>\t\t<\/div>\n\t\t\t\t<\/div>\n\t\t\t\t<div class=\"elementor-element elementor-element-9b3cacb elementor-widget elementor-widget-text-editor\" data-id=\"9b3cacb\" data-element_type=\"widget\" data-widget_type=\"text-editor.default\">\n\t\t\t\t<div class=\"elementor-widget-container\">\n\t\t\t\t\t\t\t\t<div class=\"elementor-text-editor elementor-clearfix\">\n\t\t\t\t\t<p>En tant que fournisseur de conteneurs semi-enterr\u00e9s, nous intervenons sur l'ensemble du processus du conseil \u00e0 l'installation des conteneurs. Un bon d\u00e9part est la moiti\u00e9 de la bataille, c'est pourquoi nous aimons commencer par de bons et judicieux conseils. Quelle taille de conteneur est la meilleure solution pour votre flux de d\u00e9chets ? Est-ce un 5000 litres, un 3000 litres ou un 1300 litres ? Quelle finition convient le mieux \u00e0 votre entreprise et \u00e0 votre apparence ? Il peut s'agir de bois, de composite ou d'aluminium. M\u00eame la taille du couvercle amovible et le type de serrure sont des sujets dont nous discutons. Mais aussi quel est le meilleur emplacement pour le conteneur sur votre site. Voil\u00e0 quelques points sur lesquels nous souhaitons vous prodiguer de bons conseils. Tout cela exclusivement par l'interm\u00e9diaire de votre collecteur de d\u00e9chets.<\/p>\t\t\t\t\t<\/div>\n\t\t\t\t\t\t<\/div>\n\t\t\t\t<\/div>\n\t\t\t\t\t\t<\/div>\n\t\t\t\t\t<\/div>\n\t\t<\/div>\n\t\t\t\t\t\t\t\t<\/div>\n\t\t\t\t\t<\/div>\n\t\t<\/section>\n\t\t\t\t<section class=\"elementor-section elementor-top-section elementor-element elementor-element-f6424a9 elementor-section-boxed elementor-section-height-default elementor-section-height-default\" data-id=\"f6424a9\" data-element_type=\"section\" id=\"verkoop\">\n\t\t\t\t\t\t<div class=\"elementor-container elementor-column-gap-default\">\n\t\t\t\t\t\t\t<div class=\"elementor-row\">\n\t\t\t\t\t<div class=\"elementor-column elementor-col-50 elementor-top-column elementor-element elementor-element-fe4481d\" data-id=\"fe4481d\" data-element_type=\"column\">\n\t\t\t<div class=\"elementor-column-wrap elementor-element-populated\">\n\t\t\t\t\t\t\t<div class=\"elementor-widget-wrap\">\n\t\t\t\t\t\t<div class=\"elementor-element elementor-element-5506683 elementor-widget elementor-widget-heading\" data-id=\"5506683\" data-element_type=\"widget\" data-widget_type=\"heading.default\">\n\t\t\t\t<div class=\"elementor-widget-container\">\n\t\t\t<h2 class=\"elementor-heading-title elementor-size-default\">Vente<\/h2>\t\t<\/div>\n\t\t\t\t<\/div>\n\t\t\t\t<div class=\"elementor-element elementor-element-f7db46b elementor-widget elementor-widget-text-editor\" data-id=\"f7db46b\" data-element_type=\"widget\" data-widget_type=\"text-editor.default\">\n\t\t\t\t<div class=\"elementor-widget-container\">\n\t\t\t\t\t\t\t\t<div class=\"elementor-text-editor elementor-clearfix\">\n\t\t\t\t\t<p>Ensuite, nous vous proposons une offre sur mesure. En effet, nous disposons de plusieurs mod\u00e8les avec encore plus de possibilit\u00e9s de finition, et nous nous ferons un plaisir d'\u00e9laborer une proposition pour vous (via votre collecteur de d\u00e9chets, bien entendu).<\/p><p>Nous disposons \u00e9galement d'un configurateur en ligne qui permet \u00e0 votre repr\u00e9sentant de composer votre conteneur semi-enterr\u00e9 en fonction de vos besoins et de vos souhaits.<\/p><p>Vous \u00eates curieux de conna\u00eetre toutes nos possibilit\u00e9s ? N'h\u00e9sitez pas \u00e0 nous contacter par e-mail <a href=\"mailto:info@deepwastecollection.com\">info@deepwastecollection.com<\/a> ou par t\u00e9l\u00e9phone +31(<a title=\"Call 0031624853309 via 3CX\" href=\"\/fr\/0031624853309\/\" target=\"_blank\" rel=\"noopener\">0)6-24853309<\/a>.<\/p><p>Nous aimerions vous convaincre des avantages de nos conteneurs semi-enterr\u00e9s !<\/p>\t\t\t\t\t<\/div>\n\t\t\t\t\t\t<\/div>\n\t\t\t\t<\/div>\n\t\t\t\t\t\t<\/div>\n\t\t\t\t\t<\/div>\n\t\t<\/div>\n\t\t\t\t<div class=\"elementor-column elementor-col-50 elementor-top-column elementor-element elementor-element-a017a76\" data-id=\"a017a76\" data-element_type=\"column\">\n\t\t\t<div class=\"elementor-column-wrap elementor-element-populated\">\n\t\t\t\t\t\t\t<div class=\"elementor-widget-wrap\">\n\t\t\t\t\t\t<div class=\"elementor-element elementor-element-d36d242 elementor-widget elementor-widget-image\" data-id=\"d36d242\" data-element_type=\"widget\" data-widget_type=\"image.default\">\n\t\t\t\t<div class=\"elementor-widget-container\">\n\t\t\t\t\t\t\t\t<div class=\"elementor-image\">\n\t\t\t\t\t\t\t\t\t\t\t\t<img loading=\"lazy\" decoding=\"async\" width=\"800\" height=\"600\" src=\"https:\/\/deepwastecollection.com\/wp-content\/uploads\/2021\/04\/2-februari-1024x768.jpg\" class=\"attachment-large size-large\" alt=\"\" srcset=\"https:\/\/deepwastecollection.com\/wp-content\/uploads\/2021\/04\/2-februari-1024x768.jpg 1024w, https:\/\/deepwastecollection.com\/wp-content\/uploads\/2021\/04\/2-februari-300x225.jpg 300w, https:\/\/deepwastecollection.com\/wp-content\/uploads\/2021\/04\/2-februari-768x576.jpg 768w, https:\/\/deepwastecollection.com\/wp-content\/uploads\/2021\/04\/2-februari-1536x1153.jpg 1536w, https:\/\/deepwastecollection.com\/wp-content\/uploads\/2021\/04\/2-februari.jpg 1599w\" sizes=\"auto, (max-width: 800px) 100vw, 800px\" \/>\t\t\t\t\t\t\t\t\t\t\t\t\t\t<\/div>\n\t\t\t\t\t\t<\/div>\n\t\t\t\t<\/div>\n\t\t\t\t\t\t<\/div>\n\t\t\t\t\t<\/div>\n\t\t<\/div>\n\t\t\t\t\t\t\t\t<\/div>\n\t\t\t\t\t<\/div>\n\t\t<\/section>\n\t\t\t\t<section class=\"elementor-section elementor-top-section elementor-element elementor-element-116e14d elementor-reverse-mobile elementor-section-boxed elementor-section-height-default elementor-section-height-default\" data-id=\"116e14d\" data-element_type=\"section\" id=\"plaatsing\">\n\t\t\t\t\t\t<div class=\"elementor-container elementor-column-gap-default\">\n\t\t\t\t\t\t\t<div class=\"elementor-row\">\n\t\t\t\t\t<div class=\"elementor-column elementor-col-50 elementor-top-column elementor-element elementor-element-f762671\" data-id=\"f762671\" data-element_type=\"column\">\n\t\t\t<div class=\"elementor-column-wrap elementor-element-populated\">\n\t\t\t\t\t\t\t<div class=\"elementor-widget-wrap\">\n\t\t\t\t\t\t<div class=\"elementor-element elementor-element-e71c6a7 elementor-widget elementor-widget-image\" data-id=\"e71c6a7\" data-element_type=\"widget\" data-widget_type=\"image.default\">\n\t\t\t\t<div class=\"elementor-widget-container\">\n\t\t\t\t\t\t\t\t<div class=\"elementor-image\">\n\t\t\t\t\t\t\t\t\t\t\t\t<img loading=\"lazy\" decoding=\"async\" width=\"800\" height=\"600\" src=\"https:\/\/deepwastecollection.com\/wp-content\/uploads\/2021\/06\/IMG_1356-1024x768.jpg\" class=\"attachment-large size-large\" alt=\"\" srcset=\"https:\/\/deepwastecollection.com\/wp-content\/uploads\/2021\/06\/IMG_1356-1024x768.jpg 1024w, https:\/\/deepwastecollection.com\/wp-content\/uploads\/2021\/06\/IMG_1356-300x225.jpg 300w, https:\/\/deepwastecollection.com\/wp-content\/uploads\/2021\/06\/IMG_1356-768x576.jpg 768w, https:\/\/deepwastecollection.com\/wp-content\/uploads\/2021\/06\/IMG_1356-1536x1152.jpg 1536w, https:\/\/deepwastecollection.com\/wp-content\/uploads\/2021\/06\/IMG_1356-2048x1536.jpg 2048w, https:\/\/deepwastecollection.com\/wp-content\/uploads\/2021\/06\/IMG_1356-16x12.jpg 16w\" sizes=\"auto, (max-width: 800px) 100vw, 800px\" \/>\t\t\t\t\t\t\t\t\t\t\t\t\t\t<\/div>\n\t\t\t\t\t\t<\/div>\n\t\t\t\t<\/div>\n\t\t\t\t\t\t<\/div>\n\t\t\t\t\t<\/div>\n\t\t<\/div>\n\t\t\t\t<div class=\"elementor-column elementor-col-50 elementor-top-column elementor-element elementor-element-cdd14a6\" data-id=\"cdd14a6\" data-element_type=\"column\">\n\t\t\t<div class=\"elementor-column-wrap elementor-element-populated\">\n\t\t\t\t\t\t\t<div class=\"elementor-widget-wrap\">\n\t\t\t\t\t\t<div class=\"elementor-element elementor-element-d4fb002 elementor-widget elementor-widget-heading\" data-id=\"d4fb002\" data-element_type=\"widget\" data-widget_type=\"heading.default\">\n\t\t\t\t<div class=\"elementor-widget-container\">\n\t\t\t<h2 class=\"elementor-heading-title elementor-size-default\">Placement<\/h2>\t\t<\/div>\n\t\t\t\t<\/div>\n\t\t\t\t<div class=\"elementor-element elementor-element-a3cd657 elementor-widget elementor-widget-text-editor\" data-id=\"a3cd657\" data-element_type=\"widget\" data-widget_type=\"text-editor.default\">\n\t\t\t\t<div class=\"elementor-widget-container\">\n\t\t\t\t\t\t\t\t<div class=\"elementor-text-editor elementor-clearfix\">\n\t\t\t\t\t<p>Nous nous ferons un plaisir de vous fournir les instructions d'installation correctes.<\/p><p class=\"MsoNormal\">Malheureusement, nous n'assurons le placement des conteneurs qu'aux Pays-Bas.<\/p>\t\t\t\t\t<\/div>\n\t\t\t\t\t\t<\/div>\n\t\t\t\t<\/div>\n\t\t\t\t\t\t<\/div>\n\t\t\t\t\t<\/div>\n\t\t<\/div>\n\t\t\t\t\t\t\t\t<\/div>\n\t\t\t\t\t<\/div>\n\t\t<\/section>\n\t\t\t\t<section class=\"elementor-section elementor-top-section elementor-element elementor-element-dccf851 elementor-section-boxed elementor-section-height-default elementor-section-height-default\" data-id=\"dccf851\" data-element_type=\"section\" id=\"service\">\n\t\t\t\t\t\t<div class=\"elementor-container elementor-column-gap-default\">\n\t\t\t\t\t\t\t<div class=\"elementor-row\">\n\t\t\t\t\t<div class=\"elementor-column elementor-col-50 elementor-top-column elementor-element elementor-element-f967a64\" data-id=\"f967a64\" data-element_type=\"column\">\n\t\t\t<div class=\"elementor-column-wrap elementor-element-populated\">\n\t\t\t\t\t\t\t<div class=\"elementor-widget-wrap\">\n\t\t\t\t\t\t<div class=\"elementor-element elementor-element-3d88ea3 elementor-widget elementor-widget-heading\" data-id=\"3d88ea3\" data-element_type=\"widget\" data-widget_type=\"heading.default\">\n\t\t\t\t<div class=\"elementor-widget-container\">\n\t\t\t<h2 class=\"elementor-heading-title elementor-size-default\">Service et entretien<\/h2>\t\t<\/div>\n\t\t\t\t<\/div>\n\t\t\t\t<div class=\"elementor-element elementor-element-6358374 elementor-widget elementor-widget-text-editor\" data-id=\"6358374\" data-element_type=\"widget\" data-widget_type=\"text-editor.default\">\n\t\t\t\t<div class=\"elementor-widget-container\">\n\t\t\t\t\t\t\t\t<div class=\"elementor-text-editor elementor-clearfix\">\n\t\t\t\t\t<p>Nos conteneurs sont pratiquement sans entretien. Nous avons toutes les pi\u00e8ces en stock et nous serons heureux de vous fournir les instructions correctes concernant les r\u00e9parations.<\/p>\t\t\t\t\t<\/div>\n\t\t\t\t\t\t<\/div>\n\t\t\t\t<\/div>\n\t\t\t\t\t\t<\/div>\n\t\t\t\t\t<\/div>\n\t\t<\/div>\n\t\t\t\t<div class=\"elementor-column elementor-col-50 elementor-top-column elementor-element elementor-element-02d299a\" data-id=\"02d299a\" data-element_type=\"column\">\n\t\t\t<div class=\"elementor-column-wrap elementor-element-populated\">\n\t\t\t\t\t\t\t<div class=\"elementor-widget-wrap\">\n\t\t\t\t\t\t<div class=\"elementor-element elementor-element-23c123a elementor-widget elementor-widget-image\" data-id=\"23c123a\" data-element_type=\"widget\" data-widget_type=\"image.default\">\n\t\t\t\t<div class=\"elementor-widget-container\">\n\t\t\t\t\t\t\t\t<div class=\"elementor-image\">\n\t\t\t\t\t\t\t\t\t\t\t\t<img loading=\"lazy\" decoding=\"async\" width=\"800\" height=\"600\" src=\"https:\/\/deepwastecollection.com\/wp-content\/uploads\/2021\/04\/7-juli-1024x768.jpg\" class=\"attachment-large size-large\" alt=\"\" srcset=\"https:\/\/deepwastecollection.com\/wp-content\/uploads\/2021\/04\/7-juli-1024x768.jpg 1024w, https:\/\/deepwastecollection.com\/wp-content\/uploads\/2021\/04\/7-juli-300x225.jpg 300w, https:\/\/deepwastecollection.com\/wp-content\/uploads\/2021\/04\/7-juli-768x576.jpg 768w, https:\/\/deepwastecollection.com\/wp-content\/uploads\/2021\/04\/7-juli-1536x1153.jpg 1536w, https:\/\/deepwastecollection.com\/wp-content\/uploads\/2021\/04\/7-juli.jpg 1599w\" sizes=\"auto, (max-width: 800px) 100vw, 800px\" \/>\t\t\t\t\t\t\t\t\t\t\t\t\t\t<\/div>\n\t\t\t\t\t\t<\/div>\n\t\t\t\t<\/div>\n\t\t\t\t\t\t<\/div>\n\t\t\t\t\t<\/div>\n\t\t<\/div>\n\t\t\t\t\t\t\t\t<\/div>\n\t\t\t\t\t<\/div>\n\t\t<\/section>\n\t\t\t\t<section class=\"elementor-section elementor-top-section elementor-element elementor-element-372f59e elementor-section-boxed elementor-section-height-default elementor-section-height-default\" data-id=\"372f59e\" data-element_type=\"section\">\n\t\t\t\t\t\t<div class=\"elementor-container elementor-column-gap-default\">\n\t\t\t\t\t\t\t<div class=\"elementor-row\">\n\t\t\t\t\t<div class=\"elementor-column elementor-col-100 elementor-top-column elementor-element elementor-element-538ae30\" data-id=\"538ae30\" data-element_type=\"column\">\n\t\t\t<div class=\"elementor-column-wrap elementor-element-populated\">\n\t\t\t\t\t\t\t<div class=\"elementor-widget-wrap\">\n\t\t\t\t\t\t<div class=\"elementor-element elementor-element-d55b190 elementor-widget elementor-widget-text-editor\" data-id=\"d55b190\" data-element_type=\"widget\" data-widget_type=\"text-editor.default\">\n\t\t\t\t<div class=\"elementor-widget-container\">\n\t\t\t\t\t\t\t\t<div class=\"elementor-text-editor elementor-clearfix\">\n\t\t\t\t\t<p>Vous \u00eates curieux de conna\u00eetre toutes nos possibilit\u00e9s ? N'h\u00e9sitez pas \u00e0 nous contacter par e-mail <a href=\"mailto:info@deepwastecollection.com\">info@deepwastecollection.com<\/a> ou par t\u00e9l\u00e9phone <a href=\"\/fr\/0031624853309\/\" title=\"Call 0031624853309 via 3CX\" tcxhref=\"0031624853309\" target=\"_blank\">06-24853309<\/a>.<br><span style=\"font-family: var( --e-global-typography-text-font-family ), Sans-serif; font-weight: var( --e-global-typography-text-font-weight ); font-size: 1rem;\">Nous aimerions vous convaincre des avantages de nos conteneurs semi-enterr\u00e9s !<\/span><\/p>\t\t\t\t\t<\/div>\n\t\t\t\t\t\t<\/div>\n\t\t\t\t<\/div>\n\t\t\t\t\t\t<\/div>\n\t\t\t\t\t<\/div>\n\t\t<\/div>\n\t\t\t\t\t\t\t\t<\/div>\n\t\t\t\t\t<\/div>\n\t\t<\/section>\n\t\t\t\t\t\t<\/div>\n\t\t\t\t\t\t<\/div>\n\t\t\t\t\t<\/div>","protected":false},"excerpt":{"rendered":"<p>Onze werkwijze Vanuit onze locatie in Venlo werken wij voor vele afvalinzamelaars in met name Nederland en Belgie, maar ook Luxemburg, Frankrijk en Duitsland mogen wij tot ons werkgebied rekenen. Over het algemeen produceren wij containers in de uitvoering zoals ze besteld worden door onze klanten. Toch zijn er nog genoeg situaties te bedenken wanneer [&hellip;]<\/p>","protected":false},"author":1,"featured_media":0,"parent":0,"menu_order":0,"comment_status":"closed","ping_status":"closed","template":"","meta":{"footnotes":""},"class_list":["post-312","page","type-page","status-publish","hentry"],"_links":{"self":[{"href":"https:\/\/deepwastecollection.com\/fr\/wp-json\/wp\/v2\/pages\/312","targetHints":{"allow":["GET"]}}],"collection":[{"href":"https:\/\/deepwastecollection.com\/fr\/wp-json\/wp\/v2\/pages"}],"about":[{"href":"https:\/\/deepwastecollection.com\/fr\/wp-json\/wp\/v2\/types\/page"}],"author":[{"embeddable":true,"href":"https:\/\/deepwastecollection.com\/fr\/wp-json\/wp\/v2\/users\/1"}],"replies":[{"embeddable":true,"href":"https:\/\/deepwastecollection.com\/fr\/wp-json\/wp\/v2\/comments?post=312"}],"version-history":[{"count":55,"href":"https:\/\/deepwastecollection.com\/fr\/wp-json\/wp\/v2\/pages\/312\/revisions"}],"predecessor-version":[{"id":664,"href":"https:\/\/deepwastecollection.com\/fr\/wp-json\/wp\/v2\/pages\/312\/revisions\/664"}],"wp:attachment":[{"href":"https:\/\/deepwastecollection.com\/fr\/wp-json\/wp\/v2\/media?parent=312"}],"curies":[{"name":"wp","href":"https:\/\/api.w.org\/{rel}","templated":true}]}}