{"id":314,"date":"2021-06-02T19:31:07","date_gmt":"2021-06-02T19:31:07","guid":{"rendered":"https:\/\/deepwastecollection.com\/?page_id=314"},"modified":"2021-06-15T12:24:40","modified_gmt":"2021-06-15T12:24:40","slug":"over-ons","status":"publish","type":"page","link":"https:\/\/deepwastecollection.com\/fr\/over-ons\/","title":{"rendered":"\u00c0 propos de nous"},"content":{"rendered":"<div data-elementor-type=\"wp-page\" data-elementor-id=\"314\" class=\"elementor elementor-314\" data-elementor-settings=\"[]\">\n\t\t\t\t\t\t<div class=\"elementor-inner\">\n\t\t\t\t\t\t\t<div class=\"elementor-section-wrap\">\n\t\t\t\t\t\t\t<section class=\"elementor-section elementor-top-section elementor-element elementor-element-37691199 elementor-section-boxed elementor-section-height-default elementor-section-height-default\" data-id=\"37691199\" data-element_type=\"section\" data-settings=\"{&quot;background_background&quot;:&quot;classic&quot;}\">\n\t\t\t\t\t\t\t<div class=\"elementor-background-overlay\"><\/div>\n\t\t\t\t\t\t\t<div class=\"elementor-container elementor-column-gap-default\">\n\t\t\t\t\t\t\t<div class=\"elementor-row\">\n\t\t\t\t\t<div class=\"elementor-column elementor-col-100 elementor-top-column elementor-element elementor-element-3b9fa0cc\" data-id=\"3b9fa0cc\" data-element_type=\"column\">\n\t\t\t<div class=\"elementor-column-wrap elementor-element-populated\">\n\t\t\t\t\t\t\t<div class=\"elementor-widget-wrap\">\n\t\t\t\t\t\t<div class=\"elementor-element elementor-element-62395cde elementor-widget elementor-widget-heading\" data-id=\"62395cde\" data-element_type=\"widget\" data-widget_type=\"heading.default\">\n\t\t\t\t<div class=\"elementor-widget-container\">\n\t\t\t<h2 class=\"elementor-heading-title elementor-size-default\">\u00c0 propos de nous<\/h2>\t\t<\/div>\n\t\t\t\t<\/div>\n\t\t\t\t\t\t<\/div>\n\t\t\t\t\t<\/div>\n\t\t<\/div>\n\t\t\t\t\t\t\t\t<\/div>\n\t\t\t\t\t<\/div>\n\t\t<\/section>\n\t\t\t\t<section class=\"elementor-section elementor-top-section elementor-element elementor-element-23563c6d elementor-section-boxed elementor-section-height-default elementor-section-height-default\" data-id=\"23563c6d\" data-element_type=\"section\">\n\t\t\t\t\t\t<div class=\"elementor-container elementor-column-gap-default\">\n\t\t\t\t\t\t\t<div class=\"elementor-row\">\n\t\t\t\t\t<div class=\"elementor-column elementor-col-50 elementor-top-column elementor-element elementor-element-74dc3ca3\" data-id=\"74dc3ca3\" data-element_type=\"column\">\n\t\t\t<div class=\"elementor-column-wrap elementor-element-populated\">\n\t\t\t\t\t\t\t<div class=\"elementor-widget-wrap\">\n\t\t\t\t\t\t<div class=\"elementor-element elementor-element-1d5a33ec elementor-widget elementor-widget-heading\" data-id=\"1d5a33ec\" data-element_type=\"widget\" data-widget_type=\"heading.default\">\n\t\t\t\t<div class=\"elementor-widget-container\">\n\t\t\t<h2 class=\"elementor-heading-title elementor-size-default\"><span class=\"titelkleur\">Histoire<\/span> et <span class=\"titelkleur\">vision<\/span> de<br \/>Deep Waste Collection<\/h2>\t\t<\/div>\n\t\t\t\t<\/div>\n\t\t\t\t<div class=\"elementor-element elementor-element-520ed1d7 elementor-widget elementor-widget-text-editor\" data-id=\"520ed1d7\" data-element_type=\"widget\" data-widget_type=\"text-editor.default\">\n\t\t\t\t<div class=\"elementor-widget-container\">\n\t\t\t\t\t\t\t\t<div class=\"elementor-text-editor elementor-clearfix\">\n\t\t\t\t\t<p>Apr\u00e8s des ann\u00e9es d'exp\u00e9rience dans l'industrie des d\u00e9chets et une grande implication dans le d\u00e9veloppement du conteneur semi-enterr\u00e9, Deep Waste Collection a \u00e9t\u00e9 \u00e9tablie depuis 2015.<\/p><p>Deep Waste Collection a \u00e9t\u00e9 fond\u00e9e par Rob Jacobs et a les droits exclusifs de vendre des conteneurs semi-enterr\u00e9s pour les pays dans lesquels elle op\u00e8re. Outre le Benelux, l'Allemagne et la France font \u00e9galement partie de la zone de travail.<\/p><p>En tant qu'acteur respect\u00e9 du march\u00e9 dans le domaine des conteneurs semi-enterr\u00e9s, nous travaillons en permanence sur un produit de haute qualit\u00e9.<\/p><p>Notre fournisseur peut d\u00e9j\u00e0 compter parmi les premi\u00e8res entreprises productrices de plastique en Europe, donnant le ton dans l'industrie.<\/p>\t\t\t\t\t<\/div>\n\t\t\t\t\t\t<\/div>\n\t\t\t\t<\/div>\n\t\t\t\t\t\t<\/div>\n\t\t\t\t\t<\/div>\n\t\t<\/div>\n\t\t\t\t<div class=\"elementor-column elementor-col-50 elementor-top-column elementor-element elementor-element-21dd4489\" data-id=\"21dd4489\" data-element_type=\"column\">\n\t\t\t<div class=\"elementor-column-wrap elementor-element-populated\">\n\t\t\t\t\t\t\t<div class=\"elementor-widget-wrap\">\n\t\t\t\t\t\t<div class=\"elementor-element elementor-element-77b2d756 elementor-aspect-ratio-169 elementor-widget elementor-widget-video\" data-id=\"77b2d756\" data-element_type=\"widget\" data-settings=\"{&quot;youtube_url&quot;:&quot;https:\\\/\\\/youtu.be\\\/gouynmKGSaA&quot;,&quot;start&quot;:0,&quot;loop&quot;:&quot;yes&quot;,&quot;yt_privacy&quot;:&quot;yes&quot;,&quot;show_image_overlay&quot;:&quot;yes&quot;,&quot;image_overlay&quot;:{&quot;url&quot;:&quot;https:\\\/\\\/deepwastecollection.com\\\/wp-content\\\/uploads\\\/2021\\\/04\\\/14-a.png&quot;,&quot;id&quot;:57},&quot;video_type&quot;:&quot;youtube&quot;,&quot;aspect_ratio&quot;:&quot;169&quot;}\" data-widget_type=\"video.default\">\n\t\t\t\t<div class=\"elementor-widget-container\">\n\t\t\t\t\t<div class=\"elementor-wrapper elementor-fit-aspect-ratio elementor-open-inline\">\n\t\t\t<div class=\"elementor-video\"><\/div>\t\t\t\t<div class=\"elementor-custom-embed-image-overlay\" style=\"background-image: url(https:\/\/deepwastecollection.com\/wp-content\/uploads\/2021\/04\/14-a.png);\">\n\t\t\t\t\t\t\t\t\t\t\t\t\t\t\t\t<div class=\"elementor-custom-embed-play\" role=\"button\">\n\t\t\t\t\t\t\t<i class=\"eicon-play\" aria-hidden=\"true\"><\/i>\n\t\t\t\t\t\t\t<span class=\"elementor-screen-only\">Lire la vid\u00e9o<\/span>\n\t\t\t\t\t\t<\/div>\n\t\t\t\t\t\t\t\t\t<\/div>\n\t\t\t\t\t<\/div>\n\t\t\t\t<\/div>\n\t\t\t\t<\/div>\n\t\t\t\t<div class=\"elementor-element elementor-element-19cf076 elementor-widget elementor-widget-text-editor\" data-id=\"19cf076\" data-element_type=\"widget\" data-widget_type=\"text-editor.default\">\n\t\t\t\t<div class=\"elementor-widget-container\">\n\t\t\t\t\t\t\t\t<div class=\"elementor-text-editor elementor-clearfix\">\n\t\t\t\t\t<p>Nos clients comprennent des collecteurs de d\u00e9chets, des gouvernements et des semi-gouvernements.<\/p>\n<p>Nous sommes heureux de recommander \u00e0 l'un de nos clients les utilisateurs finaux qui recherchent \u00e9galement un collecteur de d\u00e9chets.<\/p>\n<p>Nous sommes \u00e9galement actifs dans le domaine des march\u00e9s publics.<\/p>\t\t\t\t\t<\/div>\n\t\t\t\t\t\t<\/div>\n\t\t\t\t<\/div>\n\t\t\t\t\t\t<\/div>\n\t\t\t\t\t<\/div>\n\t\t<\/div>\n\t\t\t\t\t\t\t\t<\/div>\n\t\t\t\t\t<\/div>\n\t\t<\/section>\n\t\t\t\t<section class=\"elementor-section elementor-top-section elementor-element elementor-element-34e26a02 elementor-section-full_width elementor-section-height-default elementor-section-height-default\" data-id=\"34e26a02\" data-element_type=\"section\">\n\t\t\t\t\t\t<div class=\"elementor-container elementor-column-gap-default\">\n\t\t\t\t\t\t\t<div class=\"elementor-row\">\n\t\t\t\t\t<div class=\"elementor-column elementor-col-100 elementor-top-column elementor-element elementor-element-4a8e39b4\" data-id=\"4a8e39b4\" data-element_type=\"column\">\n\t\t\t<div class=\"elementor-column-wrap elementor-element-populated\">\n\t\t\t\t\t\t\t<div class=\"elementor-widget-wrap\">\n\t\t\t\t\t\t<div class=\"elementor-element elementor-element-34c6a4c2 elementor-arrows-position-inside elementor-pagination-position-outside elementor-widget elementor-widget-image-carousel\" data-id=\"34c6a4c2\" data-element_type=\"widget\" data-settings=\"{&quot;slides_to_show&quot;:&quot;4&quot;,&quot;autoplay_speed&quot;:4000,&quot;navigation&quot;:&quot;both&quot;,&quot;autoplay&quot;:&quot;yes&quot;,&quot;pause_on_hover&quot;:&quot;yes&quot;,&quot;pause_on_interaction&quot;:&quot;yes&quot;,&quot;infinite&quot;:&quot;yes&quot;,&quot;speed&quot;:500,&quot;image_spacing_custom&quot;:{&quot;unit&quot;:&quot;px&quot;,&quot;size&quot;:20,&quot;sizes&quot;:[]}}\" data-widget_type=\"image-carousel.default\">\n\t\t\t\t<div class=\"elementor-widget-container\">\n\t\t\t\t\t<div class=\"elementor-image-carousel-wrapper swiper-container\" dir=\"ltr\">\n\t\t\t<div class=\"elementor-image-carousel swiper-wrapper\">\n\t\t\t\t<div class=\"swiper-slide\"><figure class=\"swiper-slide-inner\"><img decoding=\"async\" class=\"swiper-slide-image\" src=\"https:\/\/deepwastecollection.com\/wp-content\/uploads\/elementor\/thumbs\/12-december-p600z2j7gp8r0k7toxyww6nemjat2vjbvngc9ssjaw.jpg\" alt=\"12 december\" \/><\/figure><\/div><div class=\"swiper-slide\"><figure class=\"swiper-slide-inner\"><img decoding=\"async\" class=\"swiper-slide-image\" src=\"https:\/\/deepwastecollection.com\/wp-content\/uploads\/elementor\/thumbs\/11-november-p600z1ld9v7goy96ufkabovy15ffv6fljisusitxh4.jpg\" alt=\"11 november\" \/><\/figure><\/div><div class=\"swiper-slide\"><figure class=\"swiper-slide-inner\"><img decoding=\"async\" class=\"swiper-slide-image\" src=\"https:\/\/deepwastecollection.com\/wp-content\/uploads\/elementor\/thumbs\/10-oktober-scaled-p600yyrupd3lq4daawcem7lk8ztc834ej4uecoy3zs.jpg\" alt=\"10 oktober\" \/><\/figure><\/div><div class=\"swiper-slide\"><figure class=\"swiper-slide-inner\"><img decoding=\"async\" class=\"swiper-slide-image\" src=\"https:\/\/deepwastecollection.com\/wp-content\/uploads\/elementor\/thumbs\/9-september-scaled-p600ys6zdiulgumudbi0mr9c3aprq7ea689zzr7v7c.jpg\" alt=\"9 september\" \/><\/figure><\/div><div class=\"swiper-slide\"><figure class=\"swiper-slide-inner\"><img decoding=\"async\" class=\"swiper-slide-image\" src=\"https:\/\/deepwastecollection.com\/wp-content\/uploads\/elementor\/thumbs\/8-augustus-scaled-p600ylm41oll7kwefqnmnax3xlm78bo5tbplmthmew.jpg\" alt=\"8 augustus\" \/><\/figure><\/div><div class=\"swiper-slide\"><figure class=\"swiper-slide-inner\"><img decoding=\"async\" class=\"swiper-slide-image\" src=\"https:\/\/deepwastecollection.com\/wp-content\/uploads\/elementor\/thumbs\/7-juli-p600yhuracgfx51v1p14dbv9k24qdj98gt3nppn73s.jpg\" alt=\"7 juli\" \/><\/figure><\/div><div class=\"swiper-slide\"><figure class=\"swiper-slide-inner\"><img decoding=\"async\" class=\"swiper-slide-image\" src=\"https:\/\/deepwastecollection.com\/wp-content\/uploads\/elementor\/thumbs\/5-mei-scaled-p600yf18puckyb5yi5t8nukvrwimqfy1gf579vrdmg.jpg\" alt=\"5 mei\" \/><\/figure><\/div><div class=\"swiper-slide\"><figure class=\"swiper-slide-inner\"><img decoding=\"async\" class=\"swiper-slide-image\" src=\"https:\/\/deepwastecollection.com\/wp-content\/uploads\/elementor\/thumbs\/4-april-p600y9e7ku4v0ne5f3dh8w047lafg9bnfn8ae7zqns.jpg\" alt=\"4 april\" \/><\/figure><\/div><div class=\"swiper-slide\"><figure class=\"swiper-slide-inner\"><img decoding=\"async\" class=\"swiper-slide-image\" src=\"https:\/\/deepwastecollection.com\/wp-content\/uploads\/elementor\/thumbs\/3-maart-p600y8gde03kp1fikkyuoe8nm7f28k7x3ikswy14u0.jpg\" alt=\"3 maart\" \/><\/figure><\/div><div class=\"swiper-slide\"><figure class=\"swiper-slide-inner\"><img decoding=\"async\" class=\"swiper-slide-image\" src=\"https:\/\/deepwastecollection.com\/wp-content\/uploads\/elementor\/thumbs\/2-februari-p600y7ij762adfgvq2k83wh70tjp0v46rdxbfo2j08.jpg\" alt=\"2 februari\" \/><\/figure><\/div><div class=\"swiper-slide\"><figure class=\"swiper-slide-inner\"><img decoding=\"async\" class=\"swiper-slide-image\" src=\"https:\/\/deepwastecollection.com\/wp-content\/uploads\/elementor\/thumbs\/1-Jan-p600y6kp0c101ti8vk5ljepqffobt60gf99tye3x6g.jpg\" alt=\"1 Jan\" \/><\/figure><\/div>\t\t\t<\/div>\n\t\t\t\t\t\t\t\t\t\t\t\t<div class=\"swiper-pagination\"><\/div>\n\t\t\t\t\t\t\t\t\t\t\t\t\t<div class=\"elementor-swiper-button elementor-swiper-button-prev\">\n\t\t\t\t\t\t<i class=\"eicon-chevron-left\" aria-hidden=\"true\"><\/i>\n\t\t\t\t\t\t<span class=\"elementor-screen-only\">Pr\u00e9c\u00e9dent<\/span>\n\t\t\t\t\t<\/div>\n\t\t\t\t\t<div class=\"elementor-swiper-button elementor-swiper-button-next\">\n\t\t\t\t\t\t<i class=\"eicon-chevron-right\" aria-hidden=\"true\"><\/i>\n\t\t\t\t\t\t<span class=\"elementor-screen-only\">Suivant<\/span>\n\t\t\t\t\t<\/div>\n\t\t\t\t\t\t\t\t\t<\/div>\n\t\t\t\t<\/div>\n\t\t\t\t<\/div>\n\t\t\t\t\t\t<\/div>\n\t\t\t\t\t<\/div>\n\t\t<\/div>\n\t\t\t\t\t\t\t\t<\/div>\n\t\t\t\t\t<\/div>\n\t\t<\/section>\n\t\t\t\t\t\t<\/div>\n\t\t\t\t\t\t<\/div>\n\t\t\t\t\t<\/div>","protected":false},"excerpt":{"rendered":"<p>Geschiedenis en visie vanDeep Waste Collection Na jarenlange ervaring in de afvalbranche en een grote betrokkenheid bij de ontwikkeling van de Semi-ondergrondse Container is sinds 2015 de oprichting van Deep Waste Collection een feit. Deep Waste Collection werd opgericht door Rob Jacobs en heeft de exclusieve rechten voor de verkoop van semi ondergrondse containers, voor [&hellip;]<\/p>","protected":false},"author":1,"featured_media":0,"parent":0,"menu_order":0,"comment_status":"closed","ping_status":"closed","template":"","meta":{"footnotes":""},"class_list":["post-314","page","type-page","status-publish","hentry"],"_links":{"self":[{"href":"https:\/\/deepwastecollection.com\/fr\/wp-json\/wp\/v2\/pages\/314","targetHints":{"allow":["GET"]}}],"collection":[{"href":"https:\/\/deepwastecollection.com\/fr\/wp-json\/wp\/v2\/pages"}],"about":[{"href":"https:\/\/deepwastecollection.com\/fr\/wp-json\/wp\/v2\/types\/page"}],"author":[{"embeddable":true,"href":"https:\/\/deepwastecollection.com\/fr\/wp-json\/wp\/v2\/users\/1"}],"replies":[{"embeddable":true,"href":"https:\/\/deepwastecollection.com\/fr\/wp-json\/wp\/v2\/comments?post=314"}],"version-history":[{"count":34,"href":"https:\/\/deepwastecollection.com\/fr\/wp-json\/wp\/v2\/pages\/314\/revisions"}],"predecessor-version":[{"id":651,"href":"https:\/\/deepwastecollection.com\/fr\/wp-json\/wp\/v2\/pages\/314\/revisions\/651"}],"wp:attachment":[{"href":"https:\/\/deepwastecollection.com\/fr\/wp-json\/wp\/v2\/media?parent=314"}],"curies":[{"name":"wp","href":"https:\/\/api.w.org\/{rel}","templated":true}]}}